{"id":186,"date":"2017-01-04T20:07:00","date_gmt":"2017-01-04T19:07:00","guid":{"rendered":"http:\/\/www.soet-bikes.de\/?page_id=186"},"modified":"2018-04-23T13:39:45","modified_gmt":"2018-04-23T11:39:45","slug":"home","status":"publish","type":"page","link":"https:\/\/www.soet-bikes.de\/","title":{"rendered":"Home"},"content":{"rendered":"<hr \/>\n<p><img loading=\"lazy\" decoding=\"async\" class=\"aligncenter wp-image-51 size-medium\" src=\"http:\/\/www.soet-bikes.de\/wp-content\/uploads\/2017\/01\/IMG_6216-300x129.jpg\" width=\"300\" height=\"129\" srcset=\"https:\/\/www.soet-bikes.de\/wp-content\/uploads\/2017\/01\/IMG_6216-300x129.jpg 300w, https:\/\/www.soet-bikes.de\/wp-content\/uploads\/2017\/01\/IMG_6216-768x329.jpg 768w, https:\/\/www.soet-bikes.de\/wp-content\/uploads\/2017\/01\/IMG_6216-1024x439.jpg 1024w, https:\/\/www.soet-bikes.de\/wp-content\/uploads\/2017\/01\/IMG_6216.jpg 1600w\" sizes=\"auto, (max-width: 300px) 100vw, 300px\" \/><\/p>\n<p>Hier findet Ihr alle informationen die Ihr ben\u00f6tigt die Seite ist noch teils im Aufbau darum k\u00f6nnen noch \u00c4nderungen anfallen.<\/p>\n<p>Ansonsten viel spass beim st\u00f6bern, meldet euch wenn Ihr fragen habt.<\/p>\n","protected":false},"excerpt":{"rendered":"<p>Hier findet Ihr alle informationen die Ihr ben\u00f6tigt die Seite ist noch teils im Aufbau darum k\u00f6nnen noch \u00c4nderungen anfallen. Ansonsten viel spass beim st\u00f6bern, meldet euch wenn Ihr fragen habt.<\/p>\n","protected":false},"author":1,"featured_media":0,"parent":0,"menu_order":0,"comment_status":"closed","ping_status":"closed","template":"","meta":{"footnotes":""},"class_list":["post-186","page","type-page","status-publish","hentry"],"_links":{"self":[{"href":"https:\/\/www.soet-bikes.de\/index.php?rest_route=\/wp\/v2\/pages\/186","targetHints":{"allow":["GET"]}}],"collection":[{"href":"https:\/\/www.soet-bikes.de\/index.php?rest_route=\/wp\/v2\/pages"}],"about":[{"href":"https:\/\/www.soet-bikes.de\/index.php?rest_route=\/wp\/v2\/types\/page"}],"author":[{"embeddable":true,"href":"https:\/\/www.soet-bikes.de\/index.php?rest_route=\/wp\/v2\/users\/1"}],"replies":[{"embeddable":true,"href":"https:\/\/www.soet-bikes.de\/index.php?rest_route=%2Fwp%2Fv2%2Fcomments&post=186"}],"version-history":[{"count":7,"href":"https:\/\/www.soet-bikes.de\/index.php?rest_route=\/wp\/v2\/pages\/186\/revisions"}],"predecessor-version":[{"id":454,"href":"https:\/\/www.soet-bikes.de\/index.php?rest_route=\/wp\/v2\/pages\/186\/revisions\/454"}],"wp:attachment":[{"href":"https:\/\/www.soet-bikes.de\/index.php?rest_route=%2Fwp%2Fv2%2Fmedia&parent=186"}],"curies":[{"name":"wp","href":"https:\/\/api.w.org\/{rel}","templated":true}]}}