{"id":384,"date":"2017-04-07T12:58:40","date_gmt":"2017-04-07T10:58:40","guid":{"rendered":"http:\/\/www.soet-bikes.de\/?page_id=384"},"modified":"2017-05-31T12:48:20","modified_gmt":"2017-05-31T10:48:20","slug":"anleitung-fuer-neueinsteiger","status":"publish","type":"page","link":"https:\/\/www.soet-bikes.de\/?page_id=384","title":{"rendered":"Anleitung f\u00fcr Neueinsteiger"},"content":{"rendered":"<p>Im Idealfall hast du schon ein wenig auf der Seite gest\u00f6bert und dir ein<br \/>\nBild von der SOET-IG und den interessanten M\u00f6glichkeiten beim Bracket-Race<br \/>\ngemacht. Die Art des Dragracing erm\u00f6glicht es, dass nahezu jeder<br \/>\nmitfahren kann, unabh\u00e4ngig von Motorleistung oder Erfahrung. Damit ist es<br \/>\nauch sehr einfach bei uns einzusteigen. Du ben\u00f6tigst neben einem Bike nur<br \/>\nnormale Schutzkleidung (die du vern\u00fcnftigerweise auch im Strassenbetrieb<br \/>\ntr\u00e4gst). Du kannst also quasi direkt von der Strasse auf den Dragstrip<br \/>\nfahren, was gerade am Anfang die Anreise und Teilnahme stark erleichtert.<\/p>\n<p>Wie l\u00e4uft nun die Anmeldung ab und was wird sonst noch ben\u00f6tigt? Hier eine<br \/>\nKurzanleitung:<\/p>\n<p>1) Auf der Seite d-r-o.de kannst du dir eine Startnummer reservieren<br \/>\nlassen (Klick auf Startnummern &#8211;&gt; E.T. Bikes (SOET) &#8211;&gt; Dann kommt eine<br \/>\nListe mit den bereits belegten Nummern. Alle anderen Nummern des<br \/>\n11 bis 999-Bereiches sind noch frei w\u00e4hlbar. Wenn du eine Nummer ausgew\u00e4hlt hast,<br \/>\nschickst du eine Mail an <a href=\"http:\/\/mail.soet-bikes.de\/poplogin\/web38p1\/email_neu.php?copy_to=info@d-r-o.de\">info@d-r-o.de<\/a> mit (Name, Vorname, Wohnort,<br \/>\nNationalit\u00e4t und nat\u00fcrlich Nummernwunsch). Die Best\u00e4tigung zur Startnummer<br \/>\ngibt es dann per Email. Das ganze ist kostenlos, wird von Manfred Kometz<br \/>\nehrenamtlich verwaltet.<\/p>\n<p>2) Hier auf der Seite unter &#8222;Anmeldung&#8220; kannst Du dich mit der Startnummer<br \/>\nund deinen pers\u00f6nlichen Daten anmelden. Da wir kein Verein sind, sind die<br \/>\n50 Euro Kostenbeitrag auch als dieser zu sehen. Das Geld geht in den<br \/>\n&#8222;Pott&#8220;, aus dem u. a. die Siegerehrung am Ende der Saison bezahlt wird.<br \/>\nNach erfolgter Anmeldung erh\u00e4ltst du dann eine Freischaltung f\u00fcr das Forum<br \/>\nund auch die Aufnahme in die Whats-App-Chatgruppe.<\/p>\n<p>3) Grunds\u00e4tzlich wird eine Amateur-Fahrerlizenz des Deutschen<br \/>\nMotorsport-Bundes ben\u00f6tigt. Die bekommst du online unter <a href=\"http:\/\/www.mein.dmsb.de\">mein.dmsb.de<\/a> Hier<br \/>\nmusst du dich einmal anmelden und kannst dann die C-Lizenz (Amateursport)<br \/>\nf\u00fcr 80 ? pro Jahr (oder erm\u00e4\u00dfigt f\u00fcr 45 Euro wenn du in irgendeinem<br \/>\nAutomobilclub bist) erwerben.<\/p>\n<p>4) Jetzt ist eigentlich schon alles getan. Melde dich unter<br \/>\n&#8222;Veranstaltungen&#8220; auf dieser Seite zum n\u00e4chsten Rennen an und es kann<br \/>\nlosgehen. Alles Weitere dann im Forum, What&#8217;s App Chat oder vor Ort bei<br \/>\nden Veranstaltungen. Wenn vorab noch Fragen sind, kannst du nat\u00fcrlich auch<br \/>\ndas Kontaktformular hier nutzen.<\/p>\n","protected":false},"excerpt":{"rendered":"<p>Im Idealfall hast du schon ein wenig auf der Seite gest\u00f6bert und dir ein Bild von der SOET-IG und den interessanten M\u00f6glichkeiten beim Bracket-Race gemacht. Die Art des Dragracing erm\u00f6glicht es, dass nahezu jeder mitfahren kann, unabh\u00e4ngig von Motorleistung oder Erfahrung. Damit ist es auch sehr einfach bei uns einzusteigen. \u2026 <a class=\"continue-reading-link\" href=\"https:\/\/www.soet-bikes.de\/?page_id=384\"> Continue reading <span class=\"meta-nav\">&rarr; <\/span><\/a><\/p>\n","protected":false},"author":1,"featured_media":0,"parent":0,"menu_order":0,"comment_status":"closed","ping_status":"closed","template":"","meta":{"footnotes":""},"class_list":["post-384","page","type-page","status-publish","hentry"],"_links":{"self":[{"href":"https:\/\/www.soet-bikes.de\/index.php?rest_route=\/wp\/v2\/pages\/384","targetHints":{"allow":["GET"]}}],"collection":[{"href":"https:\/\/www.soet-bikes.de\/index.php?rest_route=\/wp\/v2\/pages"}],"about":[{"href":"https:\/\/www.soet-bikes.de\/index.php?rest_route=\/wp\/v2\/types\/page"}],"author":[{"embeddable":true,"href":"https:\/\/www.soet-bikes.de\/index.php?rest_route=\/wp\/v2\/users\/1"}],"replies":[{"embeddable":true,"href":"https:\/\/www.soet-bikes.de\/index.php?rest_route=%2Fwp%2Fv2%2Fcomments&post=384"}],"version-history":[{"count":3,"href":"https:\/\/www.soet-bikes.de\/index.php?rest_route=\/wp\/v2\/pages\/384\/revisions"}],"predecessor-version":[{"id":415,"href":"https:\/\/www.soet-bikes.de\/index.php?rest_route=\/wp\/v2\/pages\/384\/revisions\/415"}],"wp:attachment":[{"href":"https:\/\/www.soet-bikes.de\/index.php?rest_route=%2Fwp%2Fv2%2Fmedia&parent=384"}],"curies":[{"name":"wp","href":"https:\/\/api.w.org\/{rel}","templated":true}]}}